{"id":1105,"date":"2022-10-19T08:15:41","date_gmt":"2022-10-19T08:15:41","guid":{"rendered":"https:\/\/demo.creativethemes.com\/elementor\/wedding\/?page_id=1105"},"modified":"2024-02-10T15:24:23","modified_gmt":"2024-02-10T13:24:23","slug":"contact","status":"publish","type":"page","link":"https:\/\/miss-majestic.com\/?page_id=1105","title":{"rendered":"Contact"},"content":{"rendered":"\t\t<div data-elementor-type=\"wp-page\" data-elementor-id=\"1105\" class=\"elementor elementor-1105\">\n\t\t\t\t<div class=\"elementor-element elementor-element-692ee66 e-flex e-con-boxed e-con e-parent\" data-id=\"692ee66\" data-element_type=\"container\" data-settings=\"{&quot;background_background&quot;:&quot;classic&quot;}\">\n\t\t\t\t\t<div class=\"e-con-inner\">\n\t\t\t\t<div class=\"elementor-element elementor-element-51ccdf1 elementor-widget elementor-widget-heading\" data-id=\"51ccdf1\" data-element_type=\"widget\" data-widget_type=\"heading.default\">\n\t\t\t\t<div class=\"elementor-widget-container\">\n\t\t\t\t\t<h2 class=\"elementor-heading-title elementor-size-default\">Contactez nous<\/h2>\t\t\t\t<\/div>\n\t\t\t\t<\/div>\n\t\t\t\t\t<\/div>\n\t\t\t\t<\/div>\n\t\t<div class=\"elementor-element elementor-element-81c6cf4 e-flex e-con-boxed e-con e-parent\" data-id=\"81c6cf4\" data-element_type=\"container\">\n\t\t\t\t\t<div class=\"e-con-inner\">\n\t\t\t\t<div class=\"elementor-element elementor-element-97142fd elementor-widget elementor-widget-heading\" data-id=\"97142fd\" data-element_type=\"widget\" data-widget_type=\"heading.default\">\n\t\t\t\t<div class=\"elementor-widget-container\">\n\t\t\t\t\t<h2 class=\"elementor-heading-title elementor-size-default\">Ajoutez votre titre ici<\/h2>\t\t\t\t<\/div>\n\t\t\t\t<\/div>\n\t\t\t\t\t<\/div>\n\t\t\t\t<\/div>\n\t\t<div class=\"elementor-element elementor-element-7391fe1 e-flex e-con-boxed e-con e-parent\" data-id=\"7391fe1\" data-element_type=\"container\">\n\t\t\t\t\t<div class=\"e-con-inner\">\n\t\t<div class=\"elementor-element elementor-element-3896edc e-flex e-con-boxed e-con e-child\" data-id=\"3896edc\" data-element_type=\"container\" data-settings=\"{&quot;background_background&quot;:&quot;classic&quot;}\">\n\t\t\t\t\t<div class=\"e-con-inner\">\n\t\t<div class=\"elementor-element elementor-element-757177c e-flex e-con-boxed e-con e-child\" data-id=\"757177c\" data-element_type=\"container\">\n\t\t\t\t\t<div class=\"e-con-inner\">\n\t\t\t\t<div class=\"elementor-element elementor-element-8d8c790 elementor-widget elementor-widget-heading\" data-id=\"8d8c790\" data-element_type=\"widget\" data-widget_type=\"heading.default\">\n\t\t\t\t<div class=\"elementor-widget-container\">\n\t\t\t\t\t<h2 class=\"elementor-heading-title elementor-size-medium\">Nous serons ravis de mettre en sc\u00e8ne vos \u00e9v\u00e9nements avec de magnifiques d\u00e9cors illumin\u00e9s, des ballons enchant\u00e9s et des d\u00e9tails personnalis\u00e9s qui captiveront tous les regards. \n<br><br>\nDe plus, nous vous proposons de plonger dans l'univers exclusif de nos box mariage\/EVJF avec des produits soigneusement s\u00e9lectionn\u00e9s, des \u00e9l\u00e9ments personnalis\u00e9es et une touche d'\u00e9l\u00e9gance sont au rendez-vous. Nous offrons \u00e0 la future mari\u00e9e une exp\u00e9rience totalement unique.\n\n<br><br>Laissez-nous \u00e9merveiller vos proches et vos invit\u00e9s et cr\u00e9er des souvenirs qui brilleront pour toujours.\n\n<br><br>Contactez-nous pour en savoir plus ou suivez-nous sur les r\u00e9seaux sociaux !<\/h2>\t\t\t\t<\/div>\n\t\t\t\t<\/div>\n\t\t\t\t\t<\/div>\n\t\t\t\t<\/div>\n\t\t\t\t\t<\/div>\n\t\t\t\t<\/div>\n\t\t\t\t\t<\/div>\n\t\t\t\t<\/div>\n\t\t<div class=\"elementor-element elementor-element-b66f624 e-flex e-con-boxed e-con e-parent\" data-id=\"b66f624\" data-element_type=\"container\">\n\t\t\t\t\t<div class=\"e-con-inner\">\n\t\t<div class=\"elementor-element elementor-element-3491f00 e-flex e-con-boxed e-con e-child\" data-id=\"3491f00\" data-element_type=\"container\" data-settings=\"{&quot;background_background&quot;:&quot;classic&quot;}\">\n\t\t\t\t\t<div class=\"e-con-inner\">\n\t\t<div class=\"elementor-element elementor-element-43ac772 e-flex e-con-boxed e-con e-child\" data-id=\"43ac772\" data-element_type=\"container\">\n\t\t\t\t\t<div class=\"e-con-inner\">\n\t\t\t\t<div class=\"elementor-element elementor-element-159c92e elementor-view-default elementor-position-top elementor-mobile-position-top elementor-widget elementor-widget-icon-box\" data-id=\"159c92e\" data-element_type=\"widget\" data-widget_type=\"icon-box.default\">\n\t\t\t\t<div class=\"elementor-widget-container\">\n\t\t\t\t\t\t\t<div class=\"elementor-icon-box-wrapper\">\n\n\t\t\t\t\t\t<div class=\"elementor-icon-box-icon\">\n\t\t\t\t<span  class=\"elementor-icon\">\n\t\t\t\t<svg xmlns=\"http:\/\/www.w3.org\/2000\/svg\" xmlns:xlink=\"http:\/\/www.w3.org\/1999\/xlink\" id=\"Layer_1\" x=\"0px\" y=\"0px\" viewBox=\"0 0 40 40\" style=\"enable-background:new 0 0 40 40;\" xml:space=\"preserve\"><path d=\"M20,10.5c-2.9,0-5.2,2.4-5.2,5.3c0,2.9,2.4,5.2,5.2,5.2c0,0,0,0,0.1,0c2.9,0,5.2-2.4,5.2-5.3c0-1.4-0.6-2.7-1.6-3.7 C22.7,11,21.4,10.5,20,10.5z M20.1,19C20.1,19,20.1,19,20.1,19c-1.8,0-3.3-1.5-3.3-3.3c0-1.8,1.5-3.3,3.3-3.3h0c0,0,0,0,0,0 c0.9,0,1.7,0.3,2.3,0.9c0.6,0.6,1,1.4,1,2.3C23.4,17.5,21.9,19,20.1,19z M34.3,9.5C33.6,7.7,32.4,6,31,4.6c-1.4-1.4-3.1-2.6-4.9-3.3 C24.1,0.4,22.1,0,20,0c-2.1,0-4.1,0.4-6.1,1.2C12.1,2,10.4,3.1,9,4.6S6.4,7.7,5.7,9.5c-0.8,1.9-1.2,4-1.2,6.1c0,3.1,1.8,7.3,5.4,13 c2.8,4.3,6,8.3,7.6,10.3C18.1,39.6,19,40,20,40c1,0,1.9-0.4,2.5-1.2c1.6-2,4.8-6,7.6-10.3c3.6-5.6,5.4-9.9,5.4-13 C35.6,13.5,35.2,11.4,34.3,9.5z M21,37.6c-0.5,0.7-1.5,0.7-2.1,0c-3.2-3.8-12.6-15.8-12.6-22C6.4,8,12.5,1.9,20,1.9 c7.5,0,13.6,6.1,13.6,13.6C33.6,21.8,24.2,33.7,21,37.6z\"><\/path><\/svg>\t\t\t\t<\/span>\n\t\t\t<\/div>\n\t\t\t\n\t\t\t\t\t\t<div class=\"elementor-icon-box-content\">\n\n\t\t\t\t\t\t\t\t\t<h5 class=\"elementor-icon-box-title\">\n\t\t\t\t\t\t<span  >\n\t\t\t\t\t\t\tAdress\u200be\t\t\t\t\t\t<\/span>\n\t\t\t\t\t<\/h5>\n\t\t\t\t\n\t\t\t\t\t\t\t\t\t<p class=\"elementor-icon-box-description\">\n\t\t\t\t\t\t80 rue de la Roubine 34130 Mauguio\t\t\t\t\t<\/p>\n\t\t\t\t\n\t\t\t<\/div>\n\t\t\t\n\t\t<\/div>\n\t\t\t\t\t\t<\/div>\n\t\t\t\t<\/div>\n\t\t\t\t\t<\/div>\n\t\t\t\t<\/div>\n\t\t<div class=\"elementor-element elementor-element-6672288 e-flex e-con-boxed e-con e-child\" data-id=\"6672288\" data-element_type=\"container\">\n\t\t\t\t\t<div class=\"e-con-inner\">\n\t\t\t\t<div class=\"elementor-element elementor-element-c53f8a7 elementor-view-default elementor-position-top elementor-mobile-position-top elementor-widget elementor-widget-icon-box\" data-id=\"c53f8a7\" data-element_type=\"widget\" data-widget_type=\"icon-box.default\">\n\t\t\t\t<div class=\"elementor-widget-container\">\n\t\t\t\t\t\t\t<div class=\"elementor-icon-box-wrapper\">\n\n\t\t\t\t\t\t<div class=\"elementor-icon-box-icon\">\n\t\t\t\t<span  class=\"elementor-icon\">\n\t\t\t\t<svg xmlns=\"http:\/\/www.w3.org\/2000\/svg\" xmlns:xlink=\"http:\/\/www.w3.org\/1999\/xlink\" id=\"Layer_1\" x=\"0px\" y=\"0px\" viewBox=\"0 0 40 40\" style=\"enable-background:new 0 0 40 40;\" xml:space=\"preserve\"><path d=\"M31.6,13.6c0.3,0.4,0.2,1-0.2,1.3l-10.9,8.3c-0.2,0.1-0.4,0.2-0.5,0.2c-0.2,0-0.4-0.1-0.5-0.2L8.6,14.9 c-0.4-0.3-0.5-0.9-0.2-1.3c0.3-0.4,0.9-0.5,1.3-0.2L20,21.3l10.4-7.9C30.7,13.2,31.3,13.2,31.6,13.6z M40,9.9v20.2 c0,2.8-2.3,5.1-5.1,5.1H5.1c-2.8,0-5.1-2.3-5.1-5.1V9.9c0-2.8,2.3-5.1,5.1-5.1h29.9C37.7,4.8,40,7.1,40,9.9z M38.2,9.9 c0-1.8-1.5-3.3-3.3-3.3H5.1c-1.8,0-3.3,1.5-3.3,3.3v20.2c0,1.8,1.5,3.3,3.3,3.3h29.9c1.8,0,3.3-1.5,3.3-3.3V9.9z\"><\/path><\/svg>\t\t\t\t<\/span>\n\t\t\t<\/div>\n\t\t\t\n\t\t\t\t\t\t<div class=\"elementor-icon-box-content\">\n\n\t\t\t\t\t\t\t\t\t<h5 class=\"elementor-icon-box-title\">\n\t\t\t\t\t\t<span  >\n\t\t\t\t\t\t\tAdresse mail\t\t\t\t\t\t<\/span>\n\t\t\t\t\t<\/h5>\n\t\t\t\t\n\t\t\t\t\t\t\t\t\t<p class=\"elementor-icon-box-description\">\n\t\t\t\t\t\tcontact@miss-majestic.com\t\t\t\t\t<\/p>\n\t\t\t\t\n\t\t\t<\/div>\n\t\t\t\n\t\t<\/div>\n\t\t\t\t\t\t<\/div>\n\t\t\t\t<\/div>\n\t\t\t\t\t<\/div>\n\t\t\t\t<\/div>\n\t\t<div class=\"elementor-element elementor-element-a59d023 e-flex e-con-boxed e-con e-child\" data-id=\"a59d023\" data-element_type=\"container\">\n\t\t\t\t\t<div class=\"e-con-inner\">\n\t\t\t\t<div class=\"elementor-element elementor-element-9c5fcff elementor-view-default elementor-position-top elementor-mobile-position-top elementor-widget elementor-widget-icon-box\" data-id=\"9c5fcff\" data-element_type=\"widget\" data-widget_type=\"icon-box.default\">\n\t\t\t\t<div class=\"elementor-widget-container\">\n\t\t\t\t\t\t\t<div class=\"elementor-icon-box-wrapper\">\n\n\t\t\t\t\t\t<div class=\"elementor-icon-box-icon\">\n\t\t\t\t<span  class=\"elementor-icon\">\n\t\t\t\t<svg xmlns=\"http:\/\/www.w3.org\/2000\/svg\" xmlns:xlink=\"http:\/\/www.w3.org\/1999\/xlink\" id=\"Layer_1\" x=\"0px\" y=\"0px\" viewBox=\"0 0 40 40\" style=\"enable-background:new 0 0 40 40;\" xml:space=\"preserve\"><path d=\"M31.5,0h-23C6,0,3.9,2.1,3.9,4.6v30.8C3.9,37.9,6,40,8.5,40h23c2.5,0,4.6-2.1,4.6-4.6V4.6C36.1,2.1,34,0,31.5,0z M34.3,35.4 c0,1.5-1.2,2.8-2.8,2.8h-23c-1.5,0-2.8-1.2-2.8-2.8V4.6c0-1.5,1.2-2.8,2.8-2.8h23c1.5,0,2.8,1.2,2.8,2.8V35.4z M23.5,32.5 c0,0.5-0.4,0.9-0.9,0.9h-5.7c-0.5,0-0.9-0.4-0.9-0.9s0.4-0.9,0.9-0.9h5.7C23.1,31.5,23.5,31.9,23.5,32.5z\"><\/path><\/svg>\t\t\t\t<\/span>\n\t\t\t<\/div>\n\t\t\t\n\t\t\t\t\t\t<div class=\"elementor-icon-box-content\">\n\n\t\t\t\t\t\t\t\t\t<h5 class=\"elementor-icon-box-title\">\n\t\t\t\t\t\t<span  >\n\t\t\t\t\t\t\tNum\u00e9ro de t\u00e9l\u00e9phone\t\t\t\t\t\t<\/span>\n\t\t\t\t\t<\/h5>\n\t\t\t\t\n\t\t\t\t\t\t\t\t\t<p class=\"elementor-icon-box-description\">\n\t\t\t\t\t\t+33 6 71 00 21 35\t\t\t\t\t<\/p>\n\t\t\t\t\n\t\t\t<\/div>\n\t\t\t\n\t\t<\/div>\n\t\t\t\t\t\t<\/div>\n\t\t\t\t<\/div>\n\t\t\t\t\t<\/div>\n\t\t\t\t<\/div>\n\t\t\t\t\t<\/div>\n\t\t\t\t<\/div>\n\t\t\t\t\t<\/div>\n\t\t\t\t<\/div>\n\t\t<div class=\"elementor-element elementor-element-e847581 e-flex e-con-boxed e-con e-parent\" data-id=\"e847581\" data-element_type=\"container\">\n\t\t\t\t\t<div class=\"e-con-inner\">\n\t\t<div class=\"elementor-element elementor-element-76a6772 e-flex e-con-boxed e-con e-child\" data-id=\"76a6772\" data-element_type=\"container\">\n\t\t\t\t\t<div class=\"e-con-inner\">\n\t\t\t\t<div class=\"elementor-element elementor-element-e58bc82 elementor-widget elementor-widget-heading\" data-id=\"e58bc82\" data-element_type=\"widget\" data-widget_type=\"heading.default\">\n\t\t\t\t<div class=\"elementor-widget-container\">\n\t\t\t\t\t<h2 class=\"elementor-heading-title elementor-size-default\">Quels sont vos projets ? <\/h2>\t\t\t\t<\/div>\n\t\t\t\t<\/div>\n\t\t\t\t<div class=\"elementor-element elementor-element-1e89b41 elementor-widget elementor-widget-image\" data-id=\"1e89b41\" data-element_type=\"widget\" data-widget_type=\"image.default\">\n\t\t\t\t<div class=\"elementor-widget-container\">\n\t\t\t\t\t\t\t\t\t\t\t\t\t\t\t<img fetchpriority=\"high\" decoding=\"async\" width=\"1000\" height=\"1000\" src=\"https:\/\/i0.wp.com\/miss-majestic.com\/wp-content\/uploads\/2021\/07\/gallery-image-2@2x.jpg?fit=1000%2C1000&amp;ssl=1\" class=\"attachment-full size-full wp-image-139\" alt=\"\" srcset=\"https:\/\/i0.wp.com\/miss-majestic.com\/wp-content\/uploads\/2021\/07\/gallery-image-2@2x.jpg?w=1000&amp;ssl=1 1000w, https:\/\/i0.wp.com\/miss-majestic.com\/wp-content\/uploads\/2021\/07\/gallery-image-2@2x.jpg?resize=100%2C100&amp;ssl=1 100w, https:\/\/i0.wp.com\/miss-majestic.com\/wp-content\/uploads\/2021\/07\/gallery-image-2@2x.jpg?resize=600%2C600&amp;ssl=1 600w, https:\/\/i0.wp.com\/miss-majestic.com\/wp-content\/uploads\/2021\/07\/gallery-image-2@2x.jpg?resize=300%2C300&amp;ssl=1 300w, https:\/\/i0.wp.com\/miss-majestic.com\/wp-content\/uploads\/2021\/07\/gallery-image-2@2x.jpg?resize=150%2C150&amp;ssl=1 150w, https:\/\/i0.wp.com\/miss-majestic.com\/wp-content\/uploads\/2021\/07\/gallery-image-2@2x.jpg?resize=768%2C768&amp;ssl=1 768w\" sizes=\"(max-width: 1000px) 100vw, 1000px\" \/>\t\t\t\t\t\t\t\t\t\t\t\t\t\t\t<\/div>\n\t\t\t\t<\/div>\n\t\t\t\t\t<\/div>\n\t\t\t\t<\/div>\n\t\t\t\t\t<\/div>\n\t\t\t\t<\/div>\n\t\t\t\t<\/div>\n\t\t","protected":false},"excerpt":{"rendered":"<p>Contactez nous Ajoutez votre titre ici Nous serons ravis de mettre en sc\u00e8ne vos \u00e9v\u00e9nements avec de magnifiques d\u00e9cors illumin\u00e9s, des ballons enchant\u00e9s et des d\u00e9tails personnalis\u00e9s qui captiveront tous les regards. De plus, nous vous proposons de plonger dans l&rsquo;univers exclusif de nos box mariage\/EVJF avec des produits soigneusement s\u00e9lectionn\u00e9s, des \u00e9l\u00e9ments personnalis\u00e9es et [&hellip;]<\/p>\n","protected":false},"author":1,"featured_media":0,"parent":0,"menu_order":0,"comment_status":"closed","ping_status":"closed","template":"","meta":{"footnotes":""},"blocksy_meta":{"page_title_panel":"","has_hero_section":"disabled","572c47b14932e2f0aa39fe8a3b02ea1c":"","hero_section":"type-1","hero_elements":[{"id":"custom_title","enabled":true,"heading_tag":"h1","title":"Home"},{"id":"custom_description","enabled":true,"description_visibility":{"desktop":true,"tablet":true,"mobile":false}},{"id":"custom_meta","enabled":false,"meta_elements":[{"id":"author","enabled":true,"label":"By","has_author_avatar":"yes","avatar_size":25},{"id":"post_date","enabled":true,"label":"On","date_format_source":"default","date_format":"M j, Y"},{"id":"updated_date","enabled":false,"label":"On","date_format_source":"default","date_format":"M j, Y"},{"id":"categories","enabled":false,"label":"In","style":"simple"},{"id":"comments","enabled":true}],"page_meta_elements":{"joined":true,"articles_count":true,"comments":true}},{"id":"breadcrumbs","enabled":false}],"0d89bcd995f6f60e62d8a749e34a42b1":"","hero_alignment1":"CT_CSS_SKIP_RULE","hero_margin":40,"hero_alignment2":"center","hero_vertical_alignment":"center","1879564ed93a8dfdb253c7e651f06fb4":"","hero_structure":"narrow","4e61c142bb79d76230f340b2e313c322":"","page_title_bg_type":"featured_image","custom_hero_background":{"attachment_id":null},"page_title_image_size":"full","parallax":{"desktop":false,"tablet":false,"mobile":false},"1a3a5603bba075df7402413bc78ac35a":"","hero_height":"250px","pageTitleFont":{"family":"Default","variation":"Default","size":"30px","line-height":"CT_CSS_SKIP_RULE","letter-spacing":"CT_CSS_SKIP_RULE","text-transform":"CT_CSS_SKIP_RULE","text-decoration":"CT_CSS_SKIP_RULE"},"pageTitleFontColor":{"default":{"color":"CT_CSS_SKIP_RULEDEFAULT"}},"pageMetaFont":{"family":"Default","variation":"n6","size":"12px","line-height":"1.3","letter-spacing":"CT_CSS_SKIP_RULE","text-transform":"uppercase","text-decoration":"CT_CSS_SKIP_RULE"},"pageMetaFontColor":{"default":{"color":"CT_CSS_SKIP_RULEDEFAULT"},"hover":{"color":"CT_CSS_SKIP_RULEDEFAULT"}},"page_meta_button_type_font_colors":{"default":{"color":"CT_CSS_SKIP_RULEDEFAULT"},"hover":{"color":"CT_CSS_SKIP_RULEDEFAULT"}},"page_meta_button_type_background_colors":{"default":{"color":"CT_CSS_SKIP_RULEDEFAULT"},"hover":{"color":"CT_CSS_SKIP_RULEDEFAULT"}},"pageExcerptFont":{"family":"Default","variation":"Default","size":"CT_CSS_SKIP_RULE","line-height":"CT_CSS_SKIP_RULE","letter-spacing":"CT_CSS_SKIP_RULE","text-transform":"CT_CSS_SKIP_RULE","text-decoration":"CT_CSS_SKIP_RULE"},"pageExcerptColor":{"default":{"color":"CT_CSS_SKIP_RULEDEFAULT"}},"breadcrumbsFont":{"family":"Default","variation":"Default","size":"CT_CSS_SKIP_RULE","line-height":"CT_CSS_SKIP_RULE","letter-spacing":"CT_CSS_SKIP_RULE","text-transform":"CT_CSS_SKIP_RULE","text-decoration":"CT_CSS_SKIP_RULE"},"breadcrumbsFontColor":{"default":{"color":"CT_CSS_SKIP_RULEDEFAULT"},"initial":{"color":"CT_CSS_SKIP_RULEDEFAULT"},"hover":{"color":"CT_CSS_SKIP_RULEDEFAULT"}},"pageTitleOverlay":{"background_type":"color","background_pattern":"type-1","background_image":{"attachment_id":null,"x":0,"y":0},"gradient":"linear-gradient(135deg,rgba(6,147,227,1) 0%,rgb(155,81,224) 100%)","background_repeat":"repeat","background_size":"auto","background_attachment":"scroll","patternColor":{"default":{"color":"#e5e7ea"}},"overlayColor":{"default":{"color":"CT_CSS_SKIP_RULE"}},"backgroundColor":{"default":{"color":"CT_CSS_SKIP_RULE"}}},"pageTitleBackground":{"background_type":"color","background_pattern":"type-1","background_image":{"attachment_id":null,"x":0,"y":0},"gradient":"linear-gradient(135deg,rgba(6,147,227,1) 0%,rgb(155,81,224) 100%)","background_repeat":"repeat","background_size":"auto","background_attachment":"scroll","patternColor":{"default":{"color":"#e5e7ea"}},"overlayColor":{"default":{"color":"CT_CSS_SKIP_RULE"}},"backgroundColor":{"default":{"color":"var(--theme-palette-color-6)"}}},"pageTitlePadding":{"top":"50px","bottom":"50px","left":"auto","right":"auto","linked":true},"dbb2ac2a8916d047a7bf0421ddaa887d":"","page_structure_type":"default","f14d4aac1afb33182208869e4a29deac":"","content_style_source":"inherit","content_style":"wide","vertical_spacing_source":"custom","content_area_spacing":"none","background":{"background_type":"color","background_pattern":"type-1","background_image":{"attachment_id":null,"x":0,"y":0},"gradient":"linear-gradient(135deg,rgba(6,147,227,1) 0%,rgb(155,81,224) 100%)","background_repeat":"repeat","background_size":"auto","background_attachment":"scroll","patternColor":{"default":{"color":"#e5e7ea"}},"overlayColor":{"default":{"color":"CT_CSS_SKIP_RULE"}},"backgroundColor":{"default":{"color":"CT_CSS_SKIP_RULE"}}},"content_background":{"background_type":"color","background_pattern":"type-1","background_image":{"attachment_id":null,"x":0,"y":0},"gradient":"linear-gradient(135deg,rgba(6,147,227,1) 0%,rgb(155,81,224) 100%)","background_repeat":"repeat","background_size":"auto","background_attachment":"scroll","patternColor":{"default":{"color":"#e5e7ea"}},"overlayColor":{"default":{"color":"CT_CSS_SKIP_RULE"}},"backgroundColor":{"default":{"color":"var(--theme-palette-color-8)"}}},"content_boxed_shadow":{"inherit":false,"blur":18,"spread":-6,"v_offset":12,"h_offset":0,"inset":false,"enable":true,"color":{"color":"rgba(34, 56, 101, 0.04)"}},"content_boxed_border":{"width":1,"style":"none","color":{"color":"rgba(44,62,80,0.2)"}},"content_boxed_radius":{"top":"3px","bottom":"3px","left":"3px","right":"3px","linked":true},"boxed_content_spacing":{"desktop":{"top":"40px","bottom":"40px","left":"40px","right":"40px","linked":true},"tablet":{"top":"35px","bottom":"35px","left":"35px","right":"35px","linked":true},"mobile":{"top":"20px","bottom":"20px","left":"20px","right":"20px","linked":true}},"85286816938fdfc0153fdffc15a4e854":"","disable_featured_image":"no","disable_share_box":"no","disable_header":"no","disable_footer":"no","styles_descriptor":{"styles":{"desktop":"","tablet":"","mobile":""},"google_fonts":[],"version":6}},"jetpack_sharing_enabled":true,"_links":{"self":[{"href":"https:\/\/miss-majestic.com\/index.php?rest_route=\/wp\/v2\/pages\/1105"}],"collection":[{"href":"https:\/\/miss-majestic.com\/index.php?rest_route=\/wp\/v2\/pages"}],"about":[{"href":"https:\/\/miss-majestic.com\/index.php?rest_route=\/wp\/v2\/types\/page"}],"author":[{"embeddable":true,"href":"https:\/\/miss-majestic.com\/index.php?rest_route=\/wp\/v2\/users\/1"}],"replies":[{"embeddable":true,"href":"https:\/\/miss-majestic.com\/index.php?rest_route=%2Fwp%2Fv2%2Fcomments&post=1105"}],"version-history":[{"count":0,"href":"https:\/\/miss-majestic.com\/index.php?rest_route=\/wp\/v2\/pages\/1105\/revisions"}],"wp:attachment":[{"href":"https:\/\/miss-majestic.com\/index.php?rest_route=%2Fwp%2Fv2%2Fmedia&parent=1105"}],"curies":[{"name":"wp","href":"https:\/\/api.w.org\/{rel}","templated":true}]}}